{"id":477,"date":"2023-04-04T12:56:16","date_gmt":"2023-04-04T09:56:16","guid":{"rendered":"https:\/\/www.daily-taste.gr\/?page_id=477"},"modified":"2023-06-15T16:49:56","modified_gmt":"2023-06-15T13:49:56","slug":"politiki-gia-tin-asfaleia-ton-pliroforion","status":"publish","type":"page","link":"https:\/\/www.daily-taste.gr\/en\/politiki-gia-tin-asfaleia-ton-pliroforion\/","title":{"rendered":"INFORMATION SECURITY POLICY"},"content":{"rendered":"<p>L&#8217;acte physique d&#8217;\u00e9criture engage les voies motrices du cerveau et augmente la capacit\u00e9 de la m\u00e9moire de travail et la profondeur de traitement. Prendre <a href=\"https:\/\/payer-pour-faire-ses-devoirs.fr\/expert-memoire\/ \">aide \u00e0 la r\u00e9daction m\u00e9moire<\/a> des notes \u00e0 la main am\u00e9liore \u00e9galement le rappel d&#8217;informations.<\/p>\n<p><a href=\"https:\/\/arbeitschreibenlassen.com\/hausarbeit-schreiben-lassen\/\">hausarbeit schreiben lassen<\/a> <\/p>\n<p><a href=\"https:\/\/premiumghostwriter.de\/\">ghost writer<\/a> <\/p>\n<p>Les produits de la s\u00e9rie de m\u00e9moire Predator subissent un processus de production strict avec compatibilit\u00e9, <a href=\"https:\/\/xn--rdaction-mmoire-bnbj.fr\/\">redacteur de memoire<\/a> fiabilit\u00e9 et autres tests de produits pour assurer un meilleur contr\u00f4le de qualit\u00e9. Avec la prise en charge du profil XMP pour les puces Intel, ces modules de m\u00e9moire fiables fournissent les performances extr\u00eames dont vous avez besoin pour pousser votre syst\u00e8me \u00e0 la limite.<\/p>\n","protected":false},"excerpt":{"rendered":"<p>L&#8217;acte physique d&#8217;\u00e9criture engage les voies motrices du cerveau et augmente la capacit\u00e9 de la m\u00e9moire de travail et la profondeur de traitement. Prendre aide \u00e0 la r\u00e9daction m\u00e9moire des notes \u00e0 la main am\u00e9liore \u00e9galement le rappel d&#8217;informations. hausarbeit schreiben lassen ghost writer Les produits de la s\u00e9rie de m\u00e9moire Predator subissent un processus [&hellip;]<\/p>\n","protected":false},"author":2,"featured_media":0,"parent":0,"menu_order":0,"comment_status":"closed","ping_status":"closed","template":"","meta":{"_acf_changed":false},"class_list":["post-477","page","type-page","status-publish","hentry"],"acf":[],"yoast_head":"<!-- This site is optimized with the Yoast SEO plugin v27.4 - https:\/\/yoast.com\/product\/yoast-seo-wordpress\/ -->\n<title>INFORMATION SECURITY POLICY | Daily Taste<\/title>\n<meta name=\"robots\" content=\"index, follow, max-snippet:-1, max-image-preview:large, max-video-preview:-1\" \/>\n<link rel=\"canonical\" href=\"https:\/\/www.daily-taste.gr\/en\/politiki-gia-tin-asfaleia-ton-pliroforion\/\" \/>\n<meta property=\"og:locale\" content=\"en_US\" \/>\n<meta property=\"og:type\" content=\"article\" \/>\n<meta property=\"og:title\" content=\"INFORMATION SECURITY POLICY | Daily Taste\" \/>\n<meta property=\"og:description\" content=\"L&#8217;acte physique d&#8217;\u00e9criture engage les voies motrices du cerveau et augmente la capacit\u00e9 de la m\u00e9moire de travail et la profondeur de traitement. Prendre aide \u00e0 la r\u00e9daction m\u00e9moire des notes \u00e0 la main am\u00e9liore \u00e9galement le rappel d&#8217;informations. hausarbeit schreiben lassen ghost writer Les produits de la s\u00e9rie de m\u00e9moire Predator subissent un processus [&hellip;]\" \/>\n<meta property=\"og:url\" content=\"https:\/\/www.daily-taste.gr\/en\/politiki-gia-tin-asfaleia-ton-pliroforion\/\" \/>\n<meta property=\"og:site_name\" content=\"Daily Taste\" \/>\n<meta property=\"article:modified_time\" content=\"2023-06-15T13:49:56+00:00\" \/>\n<meta name=\"twitter:card\" content=\"summary_large_image\" \/>\n<meta name=\"twitter:label1\" content=\"Est. reading time\" \/>\n\t<meta name=\"twitter:data1\" content=\"1 minute\" \/>\n<script type=\"application\/ld+json\" class=\"yoast-schema-graph\">{\"@context\":\"https:\\\/\\\/schema.org\",\"@graph\":[{\"@type\":\"WebPage\",\"@id\":\"https:\\\/\\\/www.daily-taste.gr\\\/en\\\/politiki-gia-tin-asfaleia-ton-pliroforion\\\/\",\"url\":\"https:\\\/\\\/www.daily-taste.gr\\\/en\\\/politiki-gia-tin-asfaleia-ton-pliroforion\\\/\",\"name\":\"INFORMATION SECURITY POLICY | Daily Taste\",\"isPartOf\":{\"@id\":\"https:\\\/\\\/www.daily-taste.gr\\\/#website\"},\"datePublished\":\"2023-04-04T09:56:16+00:00\",\"dateModified\":\"2023-06-15T13:49:56+00:00\",\"breadcrumb\":{\"@id\":\"https:\\\/\\\/www.daily-taste.gr\\\/en\\\/politiki-gia-tin-asfaleia-ton-pliroforion\\\/#breadcrumb\"},\"inLanguage\":\"en-US\",\"potentialAction\":[{\"@type\":\"ReadAction\",\"target\":[\"https:\\\/\\\/www.daily-taste.gr\\\/en\\\/politiki-gia-tin-asfaleia-ton-pliroforion\\\/\"]}]},{\"@type\":\"BreadcrumbList\",\"@id\":\"https:\\\/\\\/www.daily-taste.gr\\\/en\\\/politiki-gia-tin-asfaleia-ton-pliroforion\\\/#breadcrumb\",\"itemListElement\":[{\"@type\":\"ListItem\",\"position\":1,\"name\":\"\u0391\u03c1\u03c7\u03b9\u03ba\u03ae\",\"item\":\"https:\\\/\\\/www.daily-taste.gr\\\/en\\\/\"},{\"@type\":\"ListItem\",\"position\":2,\"name\":\"INFORMATION SECURITY POLICY\"}]},{\"@type\":\"WebSite\",\"@id\":\"https:\\\/\\\/www.daily-taste.gr\\\/#website\",\"url\":\"https:\\\/\\\/www.daily-taste.gr\\\/\",\"name\":\"Daily Taste\",\"description\":\"\",\"potentialAction\":[{\"@type\":\"SearchAction\",\"target\":{\"@type\":\"EntryPoint\",\"urlTemplate\":\"https:\\\/\\\/www.daily-taste.gr\\\/?s={search_term_string}\"},\"query-input\":{\"@type\":\"PropertyValueSpecification\",\"valueRequired\":true,\"valueName\":\"search_term_string\"}}],\"inLanguage\":\"en-US\"}]}<\/script>\n<!-- \/ Yoast SEO plugin. -->","yoast_head_json":{"title":"INFORMATION SECURITY POLICY | Daily Taste","robots":{"index":"index","follow":"follow","max-snippet":"max-snippet:-1","max-image-preview":"max-image-preview:large","max-video-preview":"max-video-preview:-1"},"canonical":"https:\/\/www.daily-taste.gr\/en\/politiki-gia-tin-asfaleia-ton-pliroforion\/","og_locale":"en_US","og_type":"article","og_title":"INFORMATION SECURITY POLICY | Daily Taste","og_description":"L&#8217;acte physique d&#8217;\u00e9criture engage les voies motrices du cerveau et augmente la capacit\u00e9 de la m\u00e9moire de travail et la profondeur de traitement. Prendre aide \u00e0 la r\u00e9daction m\u00e9moire des notes \u00e0 la main am\u00e9liore \u00e9galement le rappel d&#8217;informations. hausarbeit schreiben lassen ghost writer Les produits de la s\u00e9rie de m\u00e9moire Predator subissent un processus [&hellip;]","og_url":"https:\/\/www.daily-taste.gr\/en\/politiki-gia-tin-asfaleia-ton-pliroforion\/","og_site_name":"Daily Taste","article_modified_time":"2023-06-15T13:49:56+00:00","twitter_card":"summary_large_image","twitter_misc":{"Est. reading time":"1 minute"},"schema":{"@context":"https:\/\/schema.org","@graph":[{"@type":"WebPage","@id":"https:\/\/www.daily-taste.gr\/en\/politiki-gia-tin-asfaleia-ton-pliroforion\/","url":"https:\/\/www.daily-taste.gr\/en\/politiki-gia-tin-asfaleia-ton-pliroforion\/","name":"INFORMATION SECURITY POLICY | Daily Taste","isPartOf":{"@id":"https:\/\/www.daily-taste.gr\/#website"},"datePublished":"2023-04-04T09:56:16+00:00","dateModified":"2023-06-15T13:49:56+00:00","breadcrumb":{"@id":"https:\/\/www.daily-taste.gr\/en\/politiki-gia-tin-asfaleia-ton-pliroforion\/#breadcrumb"},"inLanguage":"en-US","potentialAction":[{"@type":"ReadAction","target":["https:\/\/www.daily-taste.gr\/en\/politiki-gia-tin-asfaleia-ton-pliroforion\/"]}]},{"@type":"BreadcrumbList","@id":"https:\/\/www.daily-taste.gr\/en\/politiki-gia-tin-asfaleia-ton-pliroforion\/#breadcrumb","itemListElement":[{"@type":"ListItem","position":1,"name":"\u0391\u03c1\u03c7\u03b9\u03ba\u03ae","item":"https:\/\/www.daily-taste.gr\/en\/"},{"@type":"ListItem","position":2,"name":"INFORMATION SECURITY POLICY"}]},{"@type":"WebSite","@id":"https:\/\/www.daily-taste.gr\/#website","url":"https:\/\/www.daily-taste.gr\/","name":"Daily Taste","description":"","potentialAction":[{"@type":"SearchAction","target":{"@type":"EntryPoint","urlTemplate":"https:\/\/www.daily-taste.gr\/?s={search_term_string}"},"query-input":{"@type":"PropertyValueSpecification","valueRequired":true,"valueName":"search_term_string"}}],"inLanguage":"en-US"}]}},"_links":{"self":[{"href":"https:\/\/www.daily-taste.gr\/en\/wp-json\/wp\/v2\/pages\/477","targetHints":{"allow":["GET"]}}],"collection":[{"href":"https:\/\/www.daily-taste.gr\/en\/wp-json\/wp\/v2\/pages"}],"about":[{"href":"https:\/\/www.daily-taste.gr\/en\/wp-json\/wp\/v2\/types\/page"}],"author":[{"embeddable":true,"href":"https:\/\/www.daily-taste.gr\/en\/wp-json\/wp\/v2\/users\/2"}],"replies":[{"embeddable":true,"href":"https:\/\/www.daily-taste.gr\/en\/wp-json\/wp\/v2\/comments?post=477"}],"version-history":[{"count":0,"href":"https:\/\/www.daily-taste.gr\/en\/wp-json\/wp\/v2\/pages\/477\/revisions"}],"wp:attachment":[{"href":"https:\/\/www.daily-taste.gr\/en\/wp-json\/wp\/v2\/media?parent=477"}],"curies":[{"name":"wp","href":"https:\/\/api.w.org\/{rel}","templated":true}]}}